{"id":2727,"date":"2023-01-11T09:24:14","date_gmt":"2023-01-11T09:24:14","guid":{"rendered":"https:\/\/axis-dental.com\/politica-de-privacidad\/"},"modified":"2023-01-11T09:24:14","modified_gmt":"2023-01-11T09:24:14","slug":"politica-de-privacidad","status":"publish","type":"page","link":"https:\/\/axis-dental.com\/es\/politica-de-privacidad\/","title":{"rendered":"Pol\u00edtica de privacidad"},"content":{"rendered":"<header class=\"text-center\">Aviso legalEditor del sitio<\/p>\n<p>AXIS Dental S\u00e0rl<br \/>\nChemin du Closalet 4<br \/>\nCH-1023 Cissier<\/p>\n<p>Tel\u00e9fono: +41 (0)21 633 06 33<br \/>\nCorreo electr\u00f3nico: mail@axis-dental.ch<\/p>\n<p>&nbsp;<\/p>\n<p><strong>1- PROPIEDAD INTELECTUAL<\/strong><\/p>\n<p>La carta gr\u00e1fica y los contenidos del sitio est\u00e1n protegidos por la legislaci\u00f3n relativa al C\u00f3digo de Propiedad Intelectual y las normativas internacionales aplicables. En consecuencia, queda prohibida cualquier representaci\u00f3n, reproducci\u00f3n, modificaci\u00f3n o, de manera m\u00e1s general, explotaci\u00f3n de la carta gr\u00e1fica o de los contenidos de este sitio sin la autorizaci\u00f3n previa expresa de AXIS Dental S\u00e0rl. <\/p>\n<p>Cualquier uso no autorizado de estos elementos constituye un acto de infracci\u00f3n de los derechos de autor y\/o de la legislaci\u00f3n sobre marcas y compromete la responsabilidad penal y civil del infractor.<\/p>\n<p><strong>2- CONDICIONES GENERALES DE USO DEL SITIO Y DE LOS SERVICIOS OFRECIDOS<\/strong><\/p>\n<p>El uso del sitio de AXIS Dental S\u00e0rl implica la aceptaci\u00f3n plena de las condiciones generales de uso descritas a continuaci\u00f3n. Estas condiciones de uso pueden modificarse o complementarse en cualquier momento, por lo que se invita a los usuarios del sitio de AXIS Dental S\u00e0rl a consultarlas regularmente. <\/p>\n<p>Este sitio web es normalmente accesible para los usuarios en todo momento. No obstante, AXIS Dental S\u00e0rl puede decidir puntualmente una interrupci\u00f3n por motivos de mantenimiento t\u00e9cnico. El sitio web de AXIS Dental S\u00e0rl se actualiza regularmente. Del mismo modo, los avisos legales pueden modificarse en cualquier momento.   <\/p>\n<p><strong>3- LIMITACI\u00d3N DE RESPONSABILIDAD<\/strong><\/p>\n<p>La informaci\u00f3n contenida en este sitio es lo m\u00e1s precisa posible y el sitio se actualiza peri\u00f3dicamente, pero puede contener inexactitudes, omisiones o lagunas. Si observa alguna laguna, error o lo que parezca ser un mal funcionamiento, le rogamos que lo comunique por correo electr\u00f3nico, describiendo el problema con la mayor precisi\u00f3n posible (p\u00e1gina del problema, acci\u00f3n desencadenante, tipo de ordenador y navegador utilizado\u2026). <\/p>\n<p>Toda descarga de contenido se realiza bajo el propio riesgo del usuario y bajo su exclusiva responsabilidad. En consecuencia, AXIS Dental S\u00e0rl no puede ser considerada responsable de ning\u00fan da\u00f1o sufrido por el ordenador del usuario ni de ninguna p\u00e9rdida de datos como consecuencia de la descarga. <\/p>\n<p>Las im\u00e1genes no son contractuales.<\/p>\n<p><strong>4- LIMITACIONES CONTRACTUALES SOBRE DATOS T\u00c9CNICOS<\/strong><\/p>\n<p>El objetivo es proporcionar un servicio que garantice la mejor tasa de accesibilidad. El proveedor de alojamiento garantiza la continuidad de su servicio 24 horas al d\u00eda, todos los d\u00edas del a\u00f1o. No obstante, se reserva el derecho a interrumpir el servicio de alojamiento durante los per\u00edodos m\u00e1s breves posibles, en particular con fines de mantenimiento, mejora de su infraestructura, fallo de su infraestructura, tr\u00e1fico anormal\u2026 AXIS Dental S\u00e0rl y el proveedor de alojamiento no pueden ser considerados responsables en caso de mal funcionamiento de Internet, de las l\u00edneas telef\u00f3nicas o del equipo inform\u00e1tico y telef\u00f3nico, en particular debido a la congesti\u00f3n de la red que impida el acceso al servidor.  <\/p>\n<p>&nbsp;<\/p>\n<p><strong>5- GESTI\u00d3N DE DATOS PERSONALES<\/strong><\/p>\n<p>Se informa al cliente de la normativa relativa a la comunicaci\u00f3n comercial, la ley de 21 de junio de 2014 sobre la confianza en la econom\u00eda digital, la Ley de protecci\u00f3n de datos de 6 de agosto de 2004, as\u00ed como el Reglamento General de Protecci\u00f3n de Datos (RGPD: n.\u00ba 2016-679). AXIS Dental S\u00e0rl se compromete a cumplir el marco de las disposiciones legales vigentes. <\/p>\n<p>AXIS Dental S\u00e0rl es responsable de poner a disposici\u00f3n de los clientes los datos de sus productos. Estos datos se ajustan al expediente t\u00e9cnico elaborado internamente y auditado por agencias externas especializadas.<br \/>\nPara m\u00e1s informaci\u00f3n, consulte la secci\u00f3n Certificados. <\/p>\n<p>Siempre que AXIS Dental S\u00e0rl procese datos personales, AXIS Dental S\u00e0rl toma todas las medidas razonables para garantizar la exactitud y pertinencia de los datos personales con respecto a los fines para los que AXIS Dental S\u00e0rl los procesa.<\/p>\n<p><strong>5.1- FINALIDAD DE LOS DATOS RECOPILADOS<\/strong><\/p>\n<p>AXIS Dental S\u00e0rl puede procesar la totalidad o parte de los datos:<br \/>\n\u2022 para permitir la navegaci\u00f3n por el sitio y la gesti\u00f3n y trazabilidad de los servicios solicitados por el usuario: datos de conexi\u00f3n y uso del sitio, facturaci\u00f3n, historial de pedidos, etc.<br \/>\n\u2022 para prevenir y combatir el fraude inform\u00e1tico (spam, pirater\u00eda, etc.): equipo inform\u00e1tico utilizado para la navegaci\u00f3n, direcci\u00f3n IP, contrase\u00f1a (hash)<br \/>\n\u2022 para mejorar la navegaci\u00f3n por el sitio: datos de conexi\u00f3n y uso<br \/>\n\u2022 para realizar encuestas de satisfacci\u00f3n opcionales sobre AXIS Dental S\u00e0rl<br \/>\n\u2022 para llevar a cabo campa\u00f1as de comunicaci\u00f3n.<br \/>\n\u2022<br \/>\nAXIS Dental S\u00e0rl no comercializa sus datos personales, que por tanto solo se utilizan por necesidad o con fines estad\u00edsticos y anal\u00edticos.<\/p>\n<p><strong>5.2- DERECHO DE ACCESO, RECTIFICACI\u00d3N Y OPOSICI\u00d3N<\/strong><\/p>\n<p>De conformidad con la normativa europea vigente, los usuarios de AXIS Dental S\u00e0rl disponen de los siguientes derechos:<br \/>\n\u2022 derecho de acceso (art\u00edculo 15 del RGPD) y rectificaci\u00f3n (art\u00edculo 16 del RGPD), actualizaci\u00f3n, integridad de los datos del usuario derecho a bloquear o suprimir los datos personales del usuario (art\u00edculo 17 del RGPD), cuando sean inexactos, incompletos, ambiguos, obsoletos, o cuya recopilaci\u00f3n, uso, comunicaci\u00f3n o conservaci\u00f3n est\u00e9 prohibida<br \/>\n\u2022 derecho a retirar el consentimiento en cualquier momento (art\u00edculo 13-2c del RGPD)<br \/>\n\u2022 derecho a limitar el procesamiento de los datos del usuario (art\u00edculo 18 del RGPD)<br \/>\n\u2022 derecho a oponerse al procesamiento de los datos del usuario (art\u00edculo 21 del RGPD)<br \/>\n\u2022 derecho a la portabilidad de los datos que los usuarios hayan proporcionado cuando estos datos sean objeto de un procesamiento automatizado basado en su consentimiento o en un contrato (art\u00edculo 20 del RGPD)<br \/>\n\u2022 derecho a definir el destino de los datos del usuario tras su fallecimiento y a elegir a qui\u00e9n AXIS Dental S\u00e0rl debe comunicar (o no) sus datos a un tercero que haya designado previamente.<\/p>\n<p>Tan pronto como AXIS Dental S\u00e0rl tenga conocimiento del fallecimiento de un usuario y en ausencia de instrucciones por su parte, AXIS Dental S\u00e0rl se compromete a destruir sus datos, salvo que su conservaci\u00f3n sea necesaria con fines probatorios o para cumplir una obligaci\u00f3n legal.<\/p>\n<p>Si el usuario desea saber c\u00f3mo AXIS Dental S\u00e0rl utiliza sus datos personales, solicitar su rectificaci\u00f3n u oponerse a su procesamiento, el usuario debe indicar los datos personales que desea que AXIS Dental S\u00e0rl corrija, actualice o suprima, identific\u00e1ndose de manera precisa con una copia de un documento de identidad (documento nacional de identidad o pasaporte) electr\u00f3nicamente a la siguiente direcci\u00f3n de correo electr\u00f3nico: mail@axis-dental.ch o por escrito a la siguiente direcci\u00f3n:<\/p>\n<p>&nbsp;<\/p>\n<p>&nbsp;<\/p>\n<p>AXIS Dental S\u00e0rl<br \/>\nChemin du Closalet 4<br \/>\nCH-1023 Crissier<br \/>\nSuiza<\/p>\n<p>Las solicitudes de supresi\u00f3n de datos personales estar\u00e1n sujetas a las obligaciones que se imponen a AXIS Dental S\u00e0rl por ley, en particular en lo que respecta a la conservaci\u00f3n o archivo de documentos. Por \u00faltimo, los usuarios de AXIS Dental S\u00e0rl pueden presentar una reclamaci\u00f3n ante las autoridades de control y, en particular, ante el PFPDT (https:\/\/www.edoeb.admin.ch\/edoeb\/fr\/home.html). <\/p>\n<p><strong>5.3- NO DIVULGACI\u00d3N DE DATOS PERSONALES<\/strong><\/p>\n<p>AXIS Dental S\u00e0rl se abstiene de procesar, alojar o transferir la Informaci\u00f3n recopilada de sus usuarios \/ Clientes a un pa\u00eds fuera de la Uni\u00f3n Europea o reconocido como \u201cno adecuado\u201d por la Comisi\u00f3n Europea sin informar previamente al cliente. No obstante, AXIS Dental S\u00e0rl es libre de elegir a sus subcontratistas t\u00e9cnicos y comerciales siempre que estos presenten garant\u00edas suficientes con respecto a los requisitos del Reglamento General de Protecci\u00f3n de Datos (RGPD: n.\u00ba 2016-679). <\/p>\n<p>AXIS Dental S\u00e0rl se compromete a tomar todas las precauciones necesarias para preservar la seguridad de la Informaci\u00f3n y, en particular, para que no sea comunicada a personas no autorizadas. No obstante, si se informa a AXIS Dental S\u00e0rl de un incidente que afecte a la integridad o confidencialidad de la Informaci\u00f3n del Cliente, esta deber\u00e1 informar de inmediato al Cliente y comunicarle las medidas correctoras adoptadas. AXIS Dental S\u00e0rl no recopila ning\u00fan \u201cdato sensible\u201d.  <\/p>\n<p><strong>5.4- SEGURIDAD<\/strong><\/p>\n<p>Por mucho que se intente, ning\u00fan m\u00e9todo de transmisi\u00f3n por Internet y ning\u00fan m\u00e9todo de almacenamiento electr\u00f3nico es completamente seguro. Por tanto, no podemos garantizar una seguridad absoluta. Para garantizar la seguridad y confidencialidad de los datos personales, AXIS Dental S\u00e0rl utiliza redes protegidas por dispositivos est\u00e1ndar. Al procesar datos personales, AXIS Dental S\u00e0rl toma todas las medidas razonables para protegerlos contra p\u00e9rdida, uso indebido, acceso no autorizado, divulgaci\u00f3n, alteraci\u00f3n o destrucci\u00f3n.   <\/p>\n<p><strong>6- ENLACES DE HIPERTEXTO<\/strong><\/p>\n<p>El sitio web de AXIS Dental S\u00e0rl puede ofrecer enlaces a otros sitios web u otros recursos disponibles en Internet. AXIS Dental S\u00e0rl no dispone de medios para controlar los sitios vinculados a sus sitios web. AXIS Dental S\u00e0rl no responde ni garantiza la disponibilidad de dichos sitios y fuentes externos. No puede ser considerada responsable de ning\u00fan da\u00f1o de cualquier tipo que resulte del contenido de estos sitios o fuentes externos y, en particular, de la informaci\u00f3n, productos o servicios que ofrezcan, o de cualquier uso que pueda hacerse de estos elementos.   <\/p>\n<p>Los usuarios, suscriptores y visitantes de los sitios web de AXIS Dental S\u00e0rl no pueden establecer un enlace de hipertexto a este sitio sin la autorizaci\u00f3n previa expresa de AXIS Dental S\u00e0rl.<\/p>\n<p>En caso de que un usuario o visitante desee establecer un enlace de hipertexto a uno de los sitios web de AXIS Dental S\u00e0rl, ser\u00e1 su responsabilidad enviar un correo electr\u00f3nico accesible en el sitio para formular su solicitud de establecimiento de un enlace de hipertexto. AXIS Dental S\u00e0rl se reserva el derecho a aceptar o rechazar un enlace de hipertexto sin tener que justificar su decisi\u00f3n. <\/p>\n<p>Este sitio web puede proporcionar enlaces a redes sociales y sitios web y canales web externos, como Facebook y LinkedIn, entre otros. Al hacer clic en los iconos dedicados, se informa expresamente al usuario de que las condiciones de uso, pol\u00edticas de privacidad, pol\u00edticas de cookies y cualquier condici\u00f3n y\/o normativa dependen de las entidades responsables de dichas redes sociales y sitios web y canales, y nunca de Axis. <\/p>\n<p><strong>7- COOKIES<\/strong><\/p>\n<p>Una cookie es un peque\u00f1o archivo de informaci\u00f3n enviado al navegador del Usuario y guardado en el terminal del Usuario (por ejemplo, ordenador, smartphone), (en adelante, \u201cCookies\u201d). Este archivo incluye informaci\u00f3n como el nombre de dominio del Usuario, el proveedor de servicios de Internet del Usuario, el sistema operativo del Usuario, as\u00ed como la fecha y hora de acceso. Es probable que procesen la informaci\u00f3n del Usuario relativa a su visita al Sitio, como las p\u00e1ginas visitadas, las b\u00fasquedas realizadas. Esta informaci\u00f3n permite a AXIS Dental S\u00e0rl mejorar el contenido del Sitio y la navegaci\u00f3n del Usuario.   <\/p>\n<p>Las cookies facilitan la navegaci\u00f3n y\/o la prestaci\u00f3n de servicios ofrecidos por el sitio; el usuario puede configurar su navegador para decidir si las acepta o no, de modo que las cookies se guarden en el terminal o, por el contrario, que se rechacen, ya sea sistem\u00e1ticamente o seg\u00fan su emisor. El usuario tambi\u00e9n puede configurar su software de navegaci\u00f3n para que se le ofrezca puntualmente la aceptaci\u00f3n o el rechazo de las cookies antes de que una cookie pueda guardarse en su terminal. AXIS Dental S\u00e0rl informa al usuario de que, en este caso, es posible que no est\u00e9n disponibles todas las funcionalidades de su software de navegaci\u00f3n.  <\/p>\n<p>En caso necesario, AXIS Dental S\u00e0rl declina toda responsabilidad por las consecuencias relacionadas con el funcionamiento degradado del sitio y los servicios posiblemente ofrecidos por AXIS Dental S\u00e0rl, resultantes del rechazo de las cookies por parte del usuario o de la imposibilidad de que AXIS Dental S\u00e0rl registre o consulte las cookies necesarias para su funcionamiento debido a la elecci\u00f3n del usuario.<\/p>\n<p>Si el usuario se niega a guardar cookies en su terminal o navegador, o si el usuario elimina las que est\u00e1n registradas all\u00ed, se informa al usuario de que su navegaci\u00f3n y experiencia en el sitio pueden verse limitadas. Este tambi\u00e9n podr\u00eda ser el caso cuando AXIS Dental S\u00e0rl o uno de sus proveedores de servicios no pueda reconocer, por motivos de compatibilidad t\u00e9cnica, el tipo de navegador utilizado por el terminal, la configuraci\u00f3n de idioma y visualizaci\u00f3n, o el pa\u00eds desde el que el terminal parece conectado a Internet. <\/p>\n<p><strong>8- LITIGIOS<\/strong><\/p>\n<p>Estas condiciones se rigen por la legislaci\u00f3n suiza y cualquier litigio o controversia que pueda surgir de la interpretaci\u00f3n o ejecuci\u00f3n de las mismas ser\u00e1 de competencia exclusiva de los tribunales de los que dependa la sede social de la empresa AXIS Dental S\u00e0rl. El idioma de referencia para la resoluci\u00f3n de cualquier litigio es el franc\u00e9s o el ingl\u00e9s. <\/p>\n<\/header>\n","protected":false},"excerpt":{"rendered":"<p>Aviso legalEditor del sitio AXIS Dental S\u00e0rl Chemin du Closalet 4 CH-1023 Cissier Tel\u00e9fono: +41 (0)21 633 06 33 Correo electr\u00f3nico: mail@axis-dental.ch &nbsp; 1- PROPIEDAD INTELECTUAL La carta gr\u00e1fica y los contenidos del sitio est\u00e1n protegidos por la legislaci\u00f3n relativa al C\u00f3digo de Propiedad Intelectual y las normativas internacionales aplicables. En consecuencia, queda prohibida cualquier [&hellip;]<\/p>\n","protected":false},"author":3,"featured_media":0,"parent":0,"menu_order":0,"comment_status":"closed","ping_status":"closed","template":"","meta":{"footnotes":""},"class_list":["post-2727","page","type-page","status-publish","hentry"],"_links":{"self":[{"href":"https:\/\/axis-dental.com\/es\/wp-json\/wp\/v2\/pages\/2727","targetHints":{"allow":["GET"]}}],"collection":[{"href":"https:\/\/axis-dental.com\/es\/wp-json\/wp\/v2\/pages"}],"about":[{"href":"https:\/\/axis-dental.com\/es\/wp-json\/wp\/v2\/types\/page"}],"author":[{"embeddable":true,"href":"https:\/\/axis-dental.com\/es\/wp-json\/wp\/v2\/users\/3"}],"replies":[{"embeddable":true,"href":"https:\/\/axis-dental.com\/es\/wp-json\/wp\/v2\/comments?post=2727"}],"version-history":[{"count":0,"href":"https:\/\/axis-dental.com\/es\/wp-json\/wp\/v2\/pages\/2727\/revisions"}],"wp:attachment":[{"href":"https:\/\/axis-dental.com\/es\/wp-json\/wp\/v2\/media?parent=2727"}],"curies":[{"name":"wp","href":"https:\/\/api.w.org\/{rel}","templated":true}]}}