{"id":2585,"date":"2023-01-11T09:25:03","date_gmt":"2023-01-11T09:25:03","guid":{"rendered":"https:\/\/axis-dental.com\/aviso-legal\/"},"modified":"2026-03-30T11:36:34","modified_gmt":"2026-03-30T11:36:34","slug":"aviso-legal","status":"publish","type":"page","link":"https:\/\/axis-dental.com\/es\/aviso-legal\/","title":{"rendered":"Aviso legal"},"content":{"rendered":"<header class=\"text-center\">Aviso legal y condiciones generales de uso&nbsp;<\/p>\n<ol>\n<li><strong> INFORMACI\u00d3N GENERAL<\/strong><\/li>\n<\/ol>\n<p>&nbsp;<\/p>\n<p>En cumplimiento del deber de informaci\u00f3n previsto en la Ley 34\/2002, de 11 de julio, de Servicios de la Sociedad de la Informaci\u00f3n y de Comercio Electr\u00f3nico (LSSI-CE), se facilita a continuaci\u00f3n la siguiente informaci\u00f3n general de este sitio web:<\/p>\n<p>&nbsp;<\/p>\n<p>La titularidad de este sitio web, https:\/\/axis-dental.com\/fr (en adelante, Sitio Web), corresponde a:, provista de NIF: B83448274 e inscrita en: con los siguientes datos registrales:, cuyo representante es: AXIS DENTAL SL, y cuyos datos de contacto son:<\/p>\n<p>&nbsp;<\/p>\n<p>Direcci\u00f3n: Cuevas del Valle, 32 bis 28023 Madrid<\/p>\n<p>&nbsp;<\/p>\n<p>Tel\u00e9fono de contacto: +34 916 795 980<\/p>\n<p>&nbsp;<\/p>\n<p>Correo electr\u00f3nico de contacto: mail@axis-dental.ch<\/p>\n<p>&nbsp;<\/p>\n<ol>\n<li><strong> CONDICIONES GENERALES DE USO<\/strong><\/li>\n<\/ol>\n<p><strong> <\/strong><\/p>\n<p>Objeto de las condiciones: el Sitio Web<\/p>\n<p>&nbsp;<\/p>\n<p>El objeto de las presentes Condiciones Generales de Uso (en adelante, Condiciones) es regular el acceso y la utilizaci\u00f3n del Sitio Web. A los efectos de las presentes Condiciones, se entender\u00e1 por Sitio Web: la apariencia externa de las interfaces de pantalla, tanto de forma est\u00e1tica como din\u00e1mica, es decir, el \u00e1rbol de navegaci\u00f3n; y todos los elementos integrados tanto en las interfaces de pantalla como en el \u00e1rbol de navegaci\u00f3n (en adelante, Contenidos) y todos aquellos servicios o recursos en l\u00ednea que ofrece a los Usuarios (en adelante, Servicios). <\/p>\n<p>&nbsp;<\/p>\n<p>AXIS DENTAL SL. se reserva el derecho a modificar, en cualquier momento y sin previo aviso, la presentaci\u00f3n y configuraci\u00f3n del Sitio Web y los Contenidos y Servicios que en \u00e9l pudieran incorporarse. El Usuario reconoce y acepta que en cualquier momento AXIS DENTAL SL. podr\u00e1 interrumpir, desactivar y\/o cancelar cualquiera de estos elementos integrados en el Sitio Web o el acceso a los mismos.   <\/p>\n<p>&nbsp;<\/p>\n<p>El acceso al Sitio Web por parte del Usuario es gratuito y, por regla general, no exige contraprestaci\u00f3n alguna para su disfrute, salvo en lo relativo al coste de conexi\u00f3n a trav\u00e9s de la red de telecomunicaciones suministrada por el proveedor de acceso que el Usuario tenga contratado. <\/p>\n<p>&nbsp;<\/p>\n<p>La utilizaci\u00f3n de cualquiera de los Contenidos o Servicios del Sitio Web podr\u00e1 realizarse mediante suscripci\u00f3n o registro previo del Usuario.<\/p>\n<p>&nbsp;<\/p>\n<p>El usuario<\/p>\n<p>&nbsp;<\/p>\n<p>El acceso, la navegaci\u00f3n y el uso del Sitio Web confieren la condici\u00f3n de Usuario, por lo que se aceptan, desde el momento en que se inicia la navegaci\u00f3n por el Sitio Web, todas las Condiciones aqu\u00ed establecidas, as\u00ed como sus posteriores modificaciones, sin perjuicio de la aplicaci\u00f3n de la correspondiente normativa legal de obligado cumplimiento seg\u00fan el caso. Dada la relevancia de lo anterior, se recomienda al Usuario leerlas cada vez que visite el Sitio Web. <\/p>\n<p>&nbsp;<\/p>\n<p>El Sitio Web de AXIS DENTAL SL. proporciona una amplia variedad de informaci\u00f3n, servicios y datos. El Usuario asume su responsabilidad de realizar un uso correcto del Sitio Web. Esta responsabilidad se extender\u00e1 a:   <\/p>\n<p>&nbsp;<\/p>\n<p>Un uso de la informaci\u00f3n, Contenidos y\/o Servicios y datos ofrecidos por AXIS DENTAL SL. que no sea contrario a lo dispuesto en estas Condiciones, la Ley, la moral o el orden p\u00fablico, ni que de cualquier otro modo pueda suponer lesi\u00f3n de los derechos de terceros o del propio funcionamiento del Sitio Web. <\/p>\n<p>La veracidad y legalidad de la informaci\u00f3n aportada por el Usuario en los formularios emitidos por AXIS DENTAL SL. para el acceso a determinados Contenidos o Servicios ofrecidos por el Sitio Web. En cualquier caso, el Usuario notificar\u00e1 de inmediato a AXIS DENTAL SL. cualquier hecho que permita el uso indebido de la informaci\u00f3n registrada en dichos formularios, como, a t\u00edtulo enunciativo y no limitativo, el robo, la p\u00e9rdida o el acceso no autorizado a identificadores y\/o contrase\u00f1as, a fin de proceder a su inmediata cancelaci\u00f3n.<\/p>\n<p>&nbsp;<\/p>\n<p>El mero acceso a este Sitio Web no supone el establecimiento de ning\u00fan tipo de relaci\u00f3n comercial entre AXIS DENTAL SL. y el Usuario. <\/p>\n<p>&nbsp;<\/p>\n<p>El Usuario declara ser mayor de edad y disponer de la capacidad jur\u00eddica suficiente para quedar vinculado por estas Condiciones. Por tanto, este Sitio Web de AXIS DENTAL SL. no est\u00e1 dirigido a menores de edad. AXIS DENTAL SL. declina cualquier responsabilidad por el incumplimiento de este requisito.    <\/p>\n<p>&nbsp;<\/p>\n<p><strong>III. ACCESO Y NAVEGACI\u00d3N EN EL SITIO WEB: EXCLUSI\u00d3N DE GARANT\u00cdAS Y RESPONSABILIDAD <\/strong><\/p>\n<p>&nbsp;<\/p>\n<p>AXIS DENTAL SL. no garantiza la continuidad, disponibilidad y utilidad del Sitio Web, ni de los Contenidos o Servicios. AXIS DENTAL SL. har\u00e1 todo lo posible por el correcto funcionamiento del Sitio Web; sin embargo, no se responsabiliza ni garantiza que el acceso a este Sitio Web no vaya a ser ininterrumpido o est\u00e9 libre de error.   <\/p>\n<p>&nbsp;<\/p>\n<p>Tampoco se responsabiliza ni garantiza que el contenido o software al que pueda accederse a trav\u00e9s de este Sitio Web est\u00e9 libre de error o cause da\u00f1os en el sistema inform\u00e1tico (software y hardware) del Usuario. En ning\u00fan caso AXIS DENTAL SL. ser\u00e1 responsable de las p\u00e9rdidas, da\u00f1os o perjuicios de cualquier tipo que se deriven del acceso, navegaci\u00f3n y uso del Sitio Web, incluyendo, a t\u00edtulo enunciativo y no limitativo, los ocasionados a los sistemas inform\u00e1ticos o los provocados por la introducci\u00f3n de virus.  <\/p>\n<p>&nbsp;<\/p>\n<p>AXIS DENTAL SL. tampoco se hace responsable de los da\u00f1os que pudieran ocasionarse a los usuarios por un uso inadecuado de este Sitio Web. En particular, no se hace responsable en modo alguno de las ca\u00eddas, interrupciones, falta o defecto de las telecomunicaciones que pudieran producirse.  <\/p>\n<p>&nbsp;<\/p>\n<ol>\n<li><strong> POL\u00cdTICA DE ENLACES<\/strong><\/li>\n<\/ol>\n<p>&nbsp;<\/p>\n<p>Se informa de que AXIS DENTAL SL. pone o puede poner a disposici\u00f3n de los Usuarios medios de enlace (como, entre otros, enlaces, banners, botones), directorios y motores de b\u00fasqueda que permiten a los Usuarios acceder a sitios web pertenecientes a y\/o gestionados por terceros. <\/p>\n<p>&nbsp;<\/p>\n<p>La instalaci\u00f3n de estos enlaces, directorios y motores de b\u00fasqueda en el Sitio Web tiene por objeto facilitar a los Usuarios la b\u00fasqueda y el acceso a la informaci\u00f3n disponible en Internet, sin que pueda considerarse una sugerencia, recomendaci\u00f3n o invitaci\u00f3n a visitarlos.<\/p>\n<p>&nbsp;<\/p>\n<p>AXIS DENTAL SL. no ofrece ni comercializa por s\u00ed misma ni a trav\u00e9s de terceros los productos y\/o servicios disponibles en dichos sitios enlazados. <\/p>\n<p>&nbsp;<\/p>\n<p>AXIS DENTAL SL. ofrece contenidos patrocinados, anuncios y\/o enlaces de afiliados. La informaci\u00f3n que aparece en estos enlaces de afiliados o en los anuncios insertados es facilitada por los propios anunciantes; por tanto, AXIS DENTAL SL. no se hace responsable de las posibles inexactitudes o errores que pudieran contener los anuncios, ni garantiza de modo alguno la experiencia, integridad o responsabilidad de los anunciantes o la calidad de sus productos y\/o servicios.   <\/p>\n<p>&nbsp;<\/p>\n<p>Asimismo, no garantizar\u00e1 la disponibilidad t\u00e9cnica, exactitud, veracidad, validez o legalidad de sitios ajenos a su propiedad a los que se pueda acceder a trav\u00e9s de los enlaces.<\/p>\n<p>&nbsp;<\/p>\n<p>AXIS DENTAL SL. en ning\u00fan caso revisar\u00e1 o controlar\u00e1 el contenido de otros sitios web, ni aprobar\u00e1, examinar\u00e1 o respaldar\u00e1 los productos y servicios, contenidos, archivos y cualquier otro material existente en los citados sitios enlazados. <\/p>\n<p>&nbsp;<\/p>\n<p>AXIS DENTAL SL. no asume responsabilidad alguna por los da\u00f1os que pudieran derivarse del acceso, uso, calidad o legalidad de los contenidos, comunicaciones, opiniones, productos y servicios de sitios web no gestionados por AXIS DENTAL SL. y que est\u00e9n enlazados en este Sitio Web.  <\/p>\n<p>&nbsp;<\/p>\n<p>El Usuario o tercero que realice un hiperv\u00ednculo desde una p\u00e1gina web de otro sitio web distinto al Sitio Web de AXIS DENTAL SL. deber\u00e1 saber que: <\/p>\n<p>&nbsp;<\/p>\n<p>No se permite la reproducci\u00f3n \u2014total o parcial\u2014 de ninguno de los Contenidos y\/o Servicios del Sitio Web sin la autorizaci\u00f3n expresa de AXIS DENTAL SL..<\/p>\n<p>&nbsp;<\/p>\n<p>Tampoco se permite ninguna manifestaci\u00f3n falsa, inexacta o incorrecta sobre el Sitio Web de AXIS DENTAL SL., ni sobre sus Contenidos y\/o Servicios.<\/p>\n<p>&nbsp;<\/p>\n<p>A excepci\u00f3n del hiperv\u00ednculo, el sitio web en el que se establezca dicho hiperv\u00ednculo no contendr\u00e1 ning\u00fan elemento de este Sitio Web, protegido como propiedad intelectual por el ordenamiento jur\u00eddico espa\u00f1ol, salvo autorizaci\u00f3n expresa de AXIS DENTAL SL.<\/p>\n<p>&nbsp;<\/p>\n<p>El establecimiento del hiperv\u00ednculo no implicar\u00e1 la existencia de relaciones entre AXIS DENTAL SL. y el titular del sitio web desde el que se realice, ni el conocimiento y aceptaci\u00f3n por parte de AXIS DENTAL SL. de los contenidos, servicios y\/o actividades ofrecidos en dicho sitio web, y viceversa.  <\/p>\n<p>&nbsp;<\/p>\n<ol>\n<li><strong> PROPIEDAD INTELECTUAL E INDUSTRIAL<\/strong><\/li>\n<\/ol>\n<p>&nbsp;<\/p>\n<p>AXIS DENTAL SL., por s\u00ed misma o como cesionaria, es titular de todos los derechos de propiedad intelectual e industrial del Sitio Web, as\u00ed como de los elementos contenidos en el mismo (a t\u00edtulo enunciativo y no exhaustivo, im\u00e1genes, sonido, audio, v\u00eddeo, software o textos, marcas o logotipos, combinaciones de colores, estructura y dise\u00f1o, selecci\u00f3n de materiales utilizados, programas de ordenador necesarios para su funcionamiento, acceso y uso, etc.). Ser\u00e1n, por tanto, obras protegidas como propiedad intelectual por el ordenamiento jur\u00eddico espa\u00f1ol, siendo de aplicaci\u00f3n tanto la normativa espa\u00f1ola como la comunitaria en esta materia, as\u00ed como los tratados internacionales relativos a la materia y suscritos por Espa\u00f1a.  <\/p>\n<p>&nbsp;<\/p>\n<p>Todos los derechos reservados. En virtud de lo dispuesto en la Ley de Propiedad Intelectual, quedan expresamente prohibidas la reproducci\u00f3n, distribuci\u00f3n y comunicaci\u00f3n p\u00fablica, incluida la modalidad de puesta a disposici\u00f3n, de la totalidad o parte de los contenidos de este sitio web, con fines comerciales, en cualquier soporte y por cualquier medio t\u00e9cnico, sin la autorizaci\u00f3n de AXIS DENTAL SL..  <\/p>\n<p>&nbsp;<\/p>\n<p>El Usuario se compromete a respetar los derechos de propiedad intelectual e industrial de AXIS DENTAL SL. Podr\u00e1 visualizar los elementos del Sitio Web o incluso imprimirlos, copiarlos y almacenarlos en el disco duro de su ordenador o en cualquier otro soporte f\u00edsico, siempre que sea, exclusivamente, para su uso personal. El Usuario, sin embargo, no podr\u00e1 suprimir, alterar o manipular ning\u00fan dispositivo de protecci\u00f3n o sistema de seguridad que estuviera instalado en el Sitio Web.  <\/p>\n<p>&nbsp;<\/p>\n<p>En caso de que el Usuario o tercero considere que cualquiera de los Contenidos del Sitio Web supone una vulneraci\u00f3n de los derechos de protecci\u00f3n de la propiedad intelectual, deber\u00e1 comunicarlo de inmediato a AXIS DENTAL SL. a trav\u00e9s de los datos de contacto del apartado de INFORMACI\u00d3N GENERAL del presente Aviso Legal y Condiciones Generales de Uso. <\/p>\n<p>&nbsp;<\/p>\n<p><strong>VI. ACCIONES LEGALES, LEGISLACI\u00d3N APLICABLE Y JURISDICCI\u00d3N <\/strong><\/p>\n<p>&nbsp;<\/p>\n<p>AXIS DENTAL SL. se reserva el derecho a presentar las acciones civiles o penales que considere necesarias por la utilizaci\u00f3n indebida del Sitio Web y Contenidos, o por el incumplimiento de estas Condiciones. <\/p>\n<p>&nbsp;<\/p>\n<p>La relaci\u00f3n entre el Usuario y AXIS DENTAL SL. se regir\u00e1 por la normativa vigente y de aplicaci\u00f3n en el territorio espa\u00f1ol. De surgir cualquier controversia en relaci\u00f3n con la interpretaci\u00f3n y\/o aplicaci\u00f3n de estas Condiciones, las partes someter\u00e1n sus conflictos a la jurisdicci\u00f3n ordinaria, someti\u00e9ndose a los jueces y tribunales que correspondan conforme a derecho.  <\/p>\n<\/header>\n","protected":false},"excerpt":{"rendered":"<p>Aviso legal y condiciones generales de uso&nbsp; INFORMACI\u00d3N GENERAL &nbsp; En cumplimiento del deber de informaci\u00f3n previsto en la Ley 34\/2002, de 11 de julio, de Servicios de la Sociedad de la Informaci\u00f3n y de Comercio Electr\u00f3nico (LSSI-CE), se facilita a continuaci\u00f3n la siguiente informaci\u00f3n general de este sitio web: &nbsp; La titularidad de este [&hellip;]<\/p>\n","protected":false},"author":3,"featured_media":0,"parent":0,"menu_order":0,"comment_status":"closed","ping_status":"closed","template":"","meta":{"footnotes":""},"class_list":["post-2585","page","type-page","status-publish","hentry"],"_links":{"self":[{"href":"https:\/\/axis-dental.com\/es\/wp-json\/wp\/v2\/pages\/2585","targetHints":{"allow":["GET"]}}],"collection":[{"href":"https:\/\/axis-dental.com\/es\/wp-json\/wp\/v2\/pages"}],"about":[{"href":"https:\/\/axis-dental.com\/es\/wp-json\/wp\/v2\/types\/page"}],"author":[{"embeddable":true,"href":"https:\/\/axis-dental.com\/es\/wp-json\/wp\/v2\/users\/3"}],"replies":[{"embeddable":true,"href":"https:\/\/axis-dental.com\/es\/wp-json\/wp\/v2\/comments?post=2585"}],"version-history":[{"count":1,"href":"https:\/\/axis-dental.com\/es\/wp-json\/wp\/v2\/pages\/2585\/revisions"}],"predecessor-version":[{"id":3718,"href":"https:\/\/axis-dental.com\/es\/wp-json\/wp\/v2\/pages\/2585\/revisions\/3718"}],"wp:attachment":[{"href":"https:\/\/axis-dental.com\/es\/wp-json\/wp\/v2\/media?parent=2585"}],"curies":[{"name":"wp","href":"https:\/\/api.w.org\/{rel}","templated":true}]}}