{"id":2988,"date":"2014-08-29T08:00:40","date_gmt":"2014-08-29T08:00:40","guid":{"rendered":"https:\/\/axis-dental.com\/ueber-uns\/"},"modified":"2026-03-23T14:29:33","modified_gmt":"2026-03-23T14:29:33","slug":"ueber-uns","status":"publish","type":"page","link":"https:\/\/axis-dental.com\/de\/ueber-uns\/","title":{"rendered":"\u00dcber uns"},"content":{"rendered":"<div id='layer_slider_1'  class='avia-layerslider main_color avia-shadow  avia-builder-el-0  el_before_av_one_full  avia-builder-el-first  container_wrap fullsize'  style='height: 721px;'  ><\/div><div id='after_layer_slider_1'  class='main_color av_default_container_wrap container_wrap fullsize'  ><div class='container av-section-cont-open' ><div class='template-page content  av-content-full alpha units'><div class='post-entry post-entry-type-page post-entry-2988'><div class='entry-content-wrapper clearfix'>\n\n<style type=\"text\/css\" data-created_by=\"avia_inline_auto\" id=\"style-css-av-w04a7-c6b00a24fcae1db5d3e77118d169607b\">\n.flex_column.av-w04a7-c6b00a24fcae1db5d3e77118d169607b{\npadding:0 100px 0 100px;\n}\n<\/style>\n<div  class='flex_column av-w04a7-c6b00a24fcae1db5d3e77118d169607b av_one_full  avia-builder-el-1  el_after_av_layerslider  el_before_av_layout_row  avia-builder-el-no-sibling  first flex_column_div  '     ><p>\n<style type=\"text\/css\" data-created_by=\"avia_inline_auto\" id=\"style-css-av-35677-ec46d80803ee55a895ccdd404b0d7dd0\">\n#top .av-special-heading.av-35677-ec46d80803ee55a895ccdd404b0d7dd0{\npadding-bottom:10px;\nfont-size:40px;\n}\nbody .av-special-heading.av-35677-ec46d80803ee55a895ccdd404b0d7dd0 .av-special-heading-tag .heading-char{\nfont-size:25px;\n}\n#top #wrap_all .av-special-heading.av-35677-ec46d80803ee55a895ccdd404b0d7dd0 .av-special-heading-tag{\nfont-size:40px;\n}\n.av-special-heading.av-35677-ec46d80803ee55a895ccdd404b0d7dd0 .av-subheading{\nfont-size:15px;\n}\n\n@media only screen and (min-width: 480px) and (max-width: 767px){ \n#top #wrap_all .av-special-heading.av-35677-ec46d80803ee55a895ccdd404b0d7dd0 .av-special-heading-tag{\nfont-size:0.8em;\n}\n}\n\n@media only screen and (max-width: 479px){ \n#top #wrap_all .av-special-heading.av-35677-ec46d80803ee55a895ccdd404b0d7dd0 .av-special-heading-tag{\nfont-size:0.8em;\n}\n}\n<\/style>\n<div  class='av-special-heading av-35677-ec46d80803ee55a895ccdd404b0d7dd0 av-special-heading-h1 blockquote modern-quote  avia-builder-el-2  el_before_av_textblock  avia-builder-el-first  av-inherit-size'><h1 class='av-special-heading-tag '  itemprop=\"headline\"  > Unsere Philosophie ist gepr\u00e4gt von der Herstellung hochwertiger, pr\u00e4ziser und effektiver Instrumente mit langer Lebensdauer, die es Zahn\u00e4rzten erm\u00f6glicht, Material zu sparen.<\/h1><div class=\"special-heading-border\"><div class=\"special-heading-inner-border\"><\/div><\/div><\/div><br \/>\n<section  class='av_textblock_section av-uvnc7-dd187f02028a5ebefb5b1974fd6d65a7 '   itemscope=\"itemscope\" itemtype=\"https:\/\/schema.org\/CreativeWork\" ><div class='avia_textblock'  itemprop=\"text\" ><h3><strong>Swiss made<br \/>\n<\/strong><\/h3>\n<\/div><\/section><br \/>\n\n<style type=\"text\/css\" data-created_by=\"avia_inline_auto\" id=\"style-css-av-u78hb-98bccef34d4dd54716a6015992eb0cf2\">\n#top .av_textblock_section.av-u78hb-98bccef34d4dd54716a6015992eb0cf2 .avia_textblock{\nfont-size:18px;\n}\n<\/style>\n<section  class='av_textblock_section av-u78hb-98bccef34d4dd54716a6015992eb0cf2 '   itemscope=\"itemscope\" itemtype=\"https:\/\/schema.org\/CreativeWork\" ><div class='avia_textblock'  itemprop=\"text\" ><p>1998 in der Schweiz gegr\u00fcndet, ist es die Mission von Axis Dental, Fachleuten im Dentalbereich die besten L\u00f6sungen anzubieten, um ihre t\u00e4gliche Arbeit mit modernstem Material zu vereinfachen. Alle Axis Dental Produkte erf\u00fcllen die strengsten europ\u00e4ischen Normen. Die Produktionsprozesse werden mit modernster Ausr\u00fcstung und sorgf\u00e4ltiger \u00dcberwachung jeder Arbeitsphase durchgef\u00fchrt.<\/p>\n<\/div><\/section><\/p><\/div>\n<\/div><\/div><\/div><!-- close content main div --><\/div><\/div><div id='av-layout-grid-1'  class='av-layout-grid-container av-tcmmn-b54763463353ea3aa502f9f95a4e16a9 entry-content-wrapper main_color av-flex-cells  avia-builder-el-5  el_after_av_one_full  avia-builder-el-last  grid-row-not-first  container_wrap fullsize'  >\n<div class='flex_cell av-t607b-29e6263233587ec6ff890430dbb93343 av-gridrow-cell av_one_third no_margin  avia-builder-el-6  el_before_av_cell_two_third  avia-builder-el-first '  ><div class='flex_cell_inner'>\n<style type=\"text\/css\" data-created_by=\"avia_inline_auto\" id=\"style-css-av-sdbpv-eadf33c20403a2a8856a388ef68ce431\">\n.flex_column.av-sdbpv-eadf33c20403a2a8856a388ef68ce431{\npadding:0 0 0 80px;\n}\n<\/style>\n<div  class='flex_column av-sdbpv-eadf33c20403a2a8856a388ef68ce431 av_one_full  avia-builder-el-7  avia-builder-el-no-sibling  first flex_column_div  '     ><p><section  class='av_textblock_section av-rykrz-ed0e2dfcc769d0ef14a918459221e935 '   itemscope=\"itemscope\" itemtype=\"https:\/\/schema.org\/CreativeWork\" ><div class='avia_textblock'  itemprop=\"text\" ><p><img decoding=\"async\" class=\"alignright\" src=\"https:\/\/axis-dental.com\/wp-content\/uploads\/2022\/07\/comillas.png\"><\/p>\n<\/div><\/section><br \/>\n\n<style type=\"text\/css\" data-created_by=\"avia_inline_auto\" id=\"style-css-av-r9jb7-314322d98106fe0e63da8fef8128b974\">\n#top .av_textblock_section.av-r9jb7-314322d98106fe0e63da8fef8128b974 .avia_textblock{\nfont-size:35px;\ncolor:#188cc8;\n}\n<\/style>\n<section  class='av_textblock_section av-r9jb7-314322d98106fe0e63da8fef8128b974 '   itemscope=\"itemscope\" itemtype=\"https:\/\/schema.org\/CreativeWork\" ><div class='avia_textblock av_inherit_color'  itemprop=\"text\" ><p style=\"text-align: right;\">Unsere Kunden heben<br \/>\ndie Qualit\u00e4t und<br \/>\ndie Langlebigkeit der<br \/>\nAxis Dental Produkte hervor.<\/p>\n<\/div><\/section><\/p><\/div>\n<\/div><\/div><div class='flex_cell av-qhkfz-dbff63a73ebef3dc6165cb958eaaf04f av-gridrow-cell av_two_third no_margin  avia-builder-el-10  el_after_av_cell_one_third  avia-builder-el-last '  ><div class='flex_cell_inner'><p>\n<style type=\"text\/css\" data-created_by=\"avia_inline_auto\" id=\"style-css-av-po2en-7a29b09f32e7b3f44fc8ea5dcc478e8a\">\n.flex_column.av-po2en-7a29b09f32e7b3f44fc8ea5dcc478e8a{\npadding:-40px 0 0 0;\n}\n<\/style>\n<div  class='flex_column av-po2en-7a29b09f32e7b3f44fc8ea5dcc478e8a av_four_fifth  avia-builder-el-11  el_before_av_one_fifth  avia-builder-el-first  first flex_column_div  '     ><p>\n<style type=\"text\/css\" data-created_by=\"avia_inline_auto\" id=\"style-css-av-p6ucf-dc7aba8715da1dea53241a39be32581c\">\n#top .av_textblock_section.av-p6ucf-dc7aba8715da1dea53241a39be32581c .avia_textblock{\nfont-size:40px;\ncolor:#0080b8;\n}\n<\/style>\n<section  class='av_textblock_section av-p6ucf-dc7aba8715da1dea53241a39be32581c '   itemscope=\"itemscope\" itemtype=\"https:\/\/schema.org\/CreativeWork\" ><div class='avia_textblock av_inherit_color'  itemprop=\"text\" ><p>Globales <strong>Netzwerk<img loading=\"lazy\" decoding=\"async\" class=\"alignnone size-full wp-image-975\" src=\"https:\/\/axis-dental.com\/wp-content\/uploads\/2022\/07\/red-internacional.png\" alt=\"\" width=\"63\" height=\"62\" srcset=\"https:\/\/axis-dental.com\/wp-content\/uploads\/2022\/07\/red-internacional.png 63w, https:\/\/axis-dental.com\/wp-content\/uploads\/2022\/07\/red-internacional-36x36.png 36w\" sizes=\"auto, (max-width: 63px) 100vw, 63px\" \/><\/strong><\/p>\n<\/div><\/section><br \/>\n<section  class='av_textblock_section av-owft3-7b0094d982533e6682b4f319b5818ab7 '   itemscope=\"itemscope\" itemtype=\"https:\/\/schema.org\/CreativeWork\" ><div class='avia_textblock'  itemprop=\"text\" ><p>Axis Dental verf\u00fcgt \u00fcber ein internationales Vertriebsnetz, das unseren Kunden und Partnern qualitativ hochwertigen Support bieten kann.<\/p>\n<p>Das Unternehmen verf\u00fcgt \u00fcber ein eigenes Fertigungslabor in der Schweiz sowie B\u00fcros in Spanien, Portugal und Bulgarien. Es ist auch \u00fcber Distributoren in verschiedenen L\u00e4ndern pr\u00e4sent.<\/p>\n<\/div><\/section><\/p><\/div><div  class='flex_column av-nvkyf-4bf602e3e6b3cce9b8eff8079d75c724 av_one_fifth  avia-builder-el-14  el_after_av_four_fifth  el_before_av_one_fifth  flex_column_div  '     ><\/div><div  class='flex_column av-nhcdn-d93796b5ce55be0d33518ca276ddb70f av_one_fifth  avia-builder-el-15  el_after_av_one_fifth  el_before_av_one_fifth  first flex_column_div  column-top-margin'     ><p><section  class='av_textblock_section av-mwiub-62c8b479ce1575adf4e5d214ac523b08 '   itemscope=\"itemscope\" itemtype=\"https:\/\/schema.org\/CreativeWork\" ><div class='avia_textblock'  itemprop=\"text\" ><p><img loading=\"lazy\" decoding=\"async\" class=\"size-full wp-image-1212 aligncenter\" src=\"https:\/\/axis-dental.com\/wp-content\/uploads\/2022\/08\/bandera-de-suiza.png\" alt=\"\" width=\"100\" height=\"104\" srcset=\"https:\/\/axis-dental.com\/wp-content\/uploads\/2022\/08\/bandera-de-suiza.png 100w, https:\/\/axis-dental.com\/wp-content\/uploads\/2022\/08\/bandera-de-suiza-36x36.png 36w\" sizes=\"auto, (max-width: 100px) 100vw, 100px\" \/><\/p>\n<\/div><\/section><br \/>\n<section  class='av_textblock_section av-ltjiv-b095904844e55afaed3f71bab3f6cb04 '   itemscope=\"itemscope\" itemtype=\"https:\/\/schema.org\/CreativeWork\" ><div class='avia_textblock'  itemprop=\"text\" ><h3 style=\"text-align: center;\"><strong>Schweiz<\/strong><\/h3>\n<\/div><\/section><\/p><\/div><div  class='flex_column av-lc9lz-782124049f13189b0433b81186737d99 av_one_fifth  avia-builder-el-18  el_after_av_one_fifth  el_before_av_one_fifth  flex_column_div  column-top-margin'     ><p><section  class='av_textblock_section av-ksfn7-2eaa9861cd83e5f2a142a079b11394e3 '   itemscope=\"itemscope\" itemtype=\"https:\/\/schema.org\/CreativeWork\" ><div class='avia_textblock'  itemprop=\"text\" ><p><img loading=\"lazy\" decoding=\"async\" class=\"size-full wp-image-772 aligncenter\" src=\"https:\/\/axis-dental.com\/wp-content\/uploads\/2022\/07\/bandera-de-espana.png\" alt=\"\" width=\"100\" height=\"103\" srcset=\"https:\/\/axis-dental.com\/wp-content\/uploads\/2022\/07\/bandera-de-espana.png 100w, https:\/\/axis-dental.com\/wp-content\/uploads\/2022\/07\/bandera-de-espana-36x36.png 36w\" sizes=\"auto, (max-width: 100px) 100vw, 100px\" \/><\/p>\n<\/div><\/section><br \/>\n<section  class='av_textblock_section av-jjzpz-dd9eeeb699b903cf832df1a7fbbd41d1 '   itemscope=\"itemscope\" itemtype=\"https:\/\/schema.org\/CreativeWork\" ><div class='avia_textblock'  itemprop=\"text\" ><h3 style=\"text-align: center;\"><strong>Spanien<\/strong><\/h3>\n<\/div><\/section><\/p><\/div><div  class='flex_column av-iwqj3-055c697cbcb09648c50136a83a31c097 av_one_fifth  avia-builder-el-21  el_after_av_one_fifth  el_before_av_one_fifth  flex_column_div  column-top-margin'     ><p><section  class='av_textblock_section av-iae1z-3fdae4d15c0c885d04c940ad79f78ab0 '   itemscope=\"itemscope\" itemtype=\"https:\/\/schema.org\/CreativeWork\" ><div class='avia_textblock'  itemprop=\"text\" ><p><img loading=\"lazy\" decoding=\"async\" class=\"size-full wp-image-773 aligncenter\" src=\"https:\/\/axis-dental.com\/wp-content\/uploads\/2022\/07\/bandera-de-portugal.png\" alt=\"\" width=\"100\" height=\"103\" srcset=\"https:\/\/axis-dental.com\/wp-content\/uploads\/2022\/07\/bandera-de-portugal.png 100w, https:\/\/axis-dental.com\/wp-content\/uploads\/2022\/07\/bandera-de-portugal-36x36.png 36w\" sizes=\"auto, (max-width: 100px) 100vw, 100px\" \/><\/p>\n<\/div><\/section><br \/>\n<section  class='av_textblock_section av-grzsr-222e74305a15b56d879ec222b6fd2776 '   itemscope=\"itemscope\" itemtype=\"https:\/\/schema.org\/CreativeWork\" ><div class='avia_textblock'  itemprop=\"text\" ><h3 style=\"text-align: center;\"><strong>Portugal<\/strong><\/h3>\n<\/div><\/section><\/p><\/div><div  class='flex_column av-g6ygv-ac6d73791860a9dd3ad80ef5f4b8c8c0 av_one_fifth  avia-builder-el-24  el_after_av_one_fifth  el_before_av_hr  flex_column_div  column-top-margin'     ><p><section  class='av_textblock_section av-1kq6f-f11ee3f7de8b4d332b9e06caa8ba484e '   itemscope=\"itemscope\" itemtype=\"https:\/\/schema.org\/CreativeWork\" ><div class='avia_textblock'  itemprop=\"text\" ><p><img loading=\"lazy\" decoding=\"async\" class=\"size-full wp-image-774 aligncenter\" src=\"https:\/\/axis-dental.com\/wp-content\/uploads\/2022\/07\/bandera-de-bulgaria.png\" alt=\"\" width=\"100\" height=\"103\" srcset=\"https:\/\/axis-dental.com\/wp-content\/uploads\/2022\/07\/bandera-de-bulgaria.png 100w, https:\/\/axis-dental.com\/wp-content\/uploads\/2022\/07\/bandera-de-bulgaria-36x36.png 36w\" sizes=\"auto, (max-width: 100px) 100vw, 100px\" \/><\/p>\n<\/div><\/section><br \/>\n<section  class='av_textblock_section av-eo90v-ccc3301c2a8817eeb87f63724955a1cf '   itemscope=\"itemscope\" itemtype=\"https:\/\/schema.org\/CreativeWork\" ><div class='avia_textblock'  itemprop=\"text\" ><h3 style=\"text-align: center;\"><strong>Bulgarien<\/strong><\/h3>\n<\/div><\/section><\/p><\/div>\n<style type=\"text\/css\" data-created_by=\"avia_inline_auto\" id=\"style-css-av-l9nyz1k8-b5d8f365d0e7d03baa3979953ad61861\">\n#top .hr.hr-invisible.av-l9nyz1k8-b5d8f365d0e7d03baa3979953ad61861{\nheight:50px;\n}\n<\/style>\n<div  class='hr av-l9nyz1k8-b5d8f365d0e7d03baa3979953ad61861 hr-invisible  avia-builder-el-27  el_after_av_one_fifth  avia-builder-el-last '><span class='hr-inner '><span class=\"hr-inner-style\"><\/span><\/span><\/div><\/p>\n<\/div><\/div><\/div>\n","protected":false},"excerpt":{"rendered":"","protected":false},"author":3,"featured_media":0,"parent":0,"menu_order":0,"comment_status":"open","ping_status":"open","template":"","meta":{"footnotes":""},"class_list":["post-2988","page","type-page","status-publish","hentry"],"_links":{"self":[{"href":"https:\/\/axis-dental.com\/de\/wp-json\/wp\/v2\/pages\/2988","targetHints":{"allow":["GET"]}}],"collection":[{"href":"https:\/\/axis-dental.com\/de\/wp-json\/wp\/v2\/pages"}],"about":[{"href":"https:\/\/axis-dental.com\/de\/wp-json\/wp\/v2\/types\/page"}],"author":[{"embeddable":true,"href":"https:\/\/axis-dental.com\/de\/wp-json\/wp\/v2\/users\/3"}],"replies":[{"embeddable":true,"href":"https:\/\/axis-dental.com\/de\/wp-json\/wp\/v2\/comments?post=2988"}],"version-history":[{"count":6,"href":"https:\/\/axis-dental.com\/de\/wp-json\/wp\/v2\/pages\/2988\/revisions"}],"predecessor-version":[{"id":3070,"href":"https:\/\/axis-dental.com\/de\/wp-json\/wp\/v2\/pages\/2988\/revisions\/3070"}],"wp:attachment":[{"href":"https:\/\/axis-dental.com\/de\/wp-json\/wp\/v2\/media?parent=2988"}],"curies":[{"name":"wp","href":"https:\/\/api.w.org\/{rel}","templated":true}]}}